{"id":98,"date":"2024-05-03T10:03:12","date_gmt":"2024-05-03T10:03:12","guid":{"rendered":"https:\/\/sami-marketing.tempurl.host\/stickfighting-concept\/?page_id=98"},"modified":"2024-05-06T12:37:13","modified_gmt":"2024-05-06T12:37:13","slug":"stick-fighting","status":"publish","type":"page","link":"https:\/\/stickfighting-concept.com\/de\/stick-fighting\/","title":{"rendered":"Stick Fighting"},"content":{"rendered":"<div data-elementor-type=\"wp-page\" data-elementor-id=\"98\" class=\"elementor elementor-98\" data-elementor-post-type=\"page\">\n\t\t\t\t<div class=\"elementor-element elementor-element-3711e17 e-con-full e-flex e-con e-parent\" data-id=\"3711e17\" data-element_type=\"container\" data-settings=\"{&quot;background_background&quot;:&quot;classic&quot;}\">\n\t\t\t\t<div class=\"elementor-element elementor-element-8329a7d elementor-widget elementor-widget-heading\" data-id=\"8329a7d\" data-element_type=\"widget\" data-widget_type=\"heading.default\">\n\t\t\t\t<div class=\"elementor-widget-container\">\n\t\t\t\t\t<h2 class=\"elementor-heading-title elementor-size-default\">SAMI-X KAMPFKUNST<\/h2>\t\t\t\t<\/div>\n\t\t\t\t<\/div>\n\t\t\t\t<div class=\"elementor-element elementor-element-a0fe242 elementor-widget elementor-widget-heading\" data-id=\"a0fe242\" data-element_type=\"widget\" data-widget_type=\"heading.default\">\n\t\t\t\t<div class=\"elementor-widget-container\">\n\t\t\t\t\t<h2 class=\"elementor-heading-title elementor-size-default\">Stick Fighting Konzept<\/h2>\t\t\t\t<\/div>\n\t\t\t\t<\/div>\n\t\t\t\t<\/div>\n\t\t<div class=\"elementor-element elementor-element-a1dc36b e-flex e-con-boxed e-con e-parent\" data-id=\"a1dc36b\" data-element_type=\"container\">\n\t\t\t\t\t<div class=\"e-con-inner\">\n\t\t<div class=\"elementor-element elementor-element-d945c1f e-flex e-con-boxed e-con e-child\" data-id=\"d945c1f\" data-element_type=\"container\">\n\t\t\t\t\t<div class=\"e-con-inner\">\n\t\t\t\t<div class=\"elementor-element elementor-element-3daadb7 elementor-widget elementor-widget-heading\" data-id=\"3daadb7\" data-element_type=\"widget\" data-widget_type=\"heading.default\">\n\t\t\t\t<div class=\"elementor-widget-container\">\n\t\t\t\t\t<h2 class=\"elementor-heading-title elementor-size-default\">SAMI-X Stick<\/h2>\t\t\t\t<\/div>\n\t\t\t\t<\/div>\n\t\t\t\t<div class=\"elementor-element elementor-element-f96821e elementor-widget elementor-widget-text-editor\" data-id=\"f96821e\" data-element_type=\"widget\" data-widget_type=\"text-editor.default\">\n\t\t\t\t<div class=\"elementor-widget-container\">\n\t\t\t\t\t\t\t\t\t<p><strong>SAMICS Stick Fighting Konzept<\/strong>\u00a0ist ein lebendiges, sich st\u00e4ndig weiterentwickelndes System, das auf unserem Wissen und unserer Erfahrung beruht. Wir unterrichten den Gebrauch des Kurzstocks (ein- und beidh\u00e4ndige Varianten), des mittellangen Stocks (Cane) und des Langstocks.<\/p><p>Das Training beinhaltet nicht nur technische Fertigkeiten, sondern definiert sich auch durch seine Effektivit\u00e4t, Geschwindigkeit, Dynamik, Timing, Pr\u00e4zision und seinen typischen Handlungsablauf. Im SAMICS Stick Fighting Concept nutzen wir den ganzen K\u00f6rper als Waffe, was seine eigene, diskrete Identit\u00e4t erkl\u00e4rt.<\/p><p>SAMI Combat System hat es sich zur Aufgabe gemacht, das Stick Fighting Concept auf der ganzen Welt in bester Qualit\u00e4t und auf h\u00f6chstem technischen Niveau zu f\u00f6rdern und zu verbreiten. Unsere Organisation ist derzeit in \u00fcber 50 L\u00e4ndern vertreten. Wir bieten au\u00dfergew\u00f6hnlich gut strukturierte Trainingsprogramme f\u00fcr Menschen, die einen Hintergrund und ein tiefgehendes Wissen im Stick Fighting Concept entwickeln m\u00f6chten. Unsere Ausbilder m\u00fcssen eine gr\u00fcndliche Ausbildung absolvieren, die technisches Fachwissen, Fertigkeitstraining und Didaktik des Stockkampfes umfasst. Unser Motto ist:<em>\u00a0\"Gut ist nicht gut genug!\"<\/em><\/p>\t\t\t\t\t\t\t\t<\/div>\n\t\t\t\t<\/div>\n\t\t\t\t\t<\/div>\n\t\t\t\t<\/div>\n\t\t<div class=\"elementor-element elementor-element-e222f14 e-flex e-con-boxed e-con e-child\" data-id=\"e222f14\" data-element_type=\"container\">\n\t\t\t\t\t<div class=\"e-con-inner\">\n\t\t\t\t<div class=\"elementor-element elementor-element-fac1e97 elementor-widget elementor-widget-video\" data-id=\"fac1e97\" data-element_type=\"widget\" data-settings=\"{&quot;youtube_url&quot;:&quot;https:\\\/\\\/www.youtube.com\\\/watch?v=R1qOpNkSLn8&quot;,&quot;video_type&quot;:&quot;youtube&quot;,&quot;controls&quot;:&quot;yes&quot;}\" data-widget_type=\"video.default\">\n\t\t\t\t<div class=\"elementor-widget-container\">\n\t\t\t\t\t\t\t<div class=\"elementor-wrapper elementor-open-inline\">\n\t\t\t<div class=\"elementor-video\"><\/div>\t\t<\/div>\n\t\t\t\t\t\t<\/div>\n\t\t\t\t<\/div>\n\t\t\t\t\t<\/div>\n\t\t\t\t<\/div>\n\t\t\t\t\t<\/div>\n\t\t\t\t<\/div>\n\t\t\t\t<\/div>","protected":false},"excerpt":{"rendered":"<p>SAMI-X FIGHTING ART Stick Fighting Concept SAMI-X Stick SAMICS Stick Fighting Concept ist ein lebendiges, sich st\u00e4ndig weiterentwickelndes System, das auf unserem Wissen und unserer Erfahrung basiert. Wir unterrichten den Umgang mit dem Kurzstock (ein- und beidh\u00e4ndige Variante), dem Mittellangstock (Stock) und dem Langstock. Das Training beinhaltet nicht nur technische Fertigkeiten, sondern wird auch durch [...]<\/p>","protected":false},"author":1,"featured_media":0,"parent":0,"menu_order":0,"comment_status":"closed","ping_status":"closed","template":"","meta":{"inline_featured_image":false,"footnotes":""},"class_list":["post-98","page","type-page","status-publish","hentry"],"_links":{"self":[{"href":"https:\/\/stickfighting-concept.com\/de\/wp-json\/wp\/v2\/pages\/98","targetHints":{"allow":["GET"]}}],"collection":[{"href":"https:\/\/stickfighting-concept.com\/de\/wp-json\/wp\/v2\/pages"}],"about":[{"href":"https:\/\/stickfighting-concept.com\/de\/wp-json\/wp\/v2\/types\/page"}],"author":[{"embeddable":true,"href":"https:\/\/stickfighting-concept.com\/de\/wp-json\/wp\/v2\/users\/1"}],"replies":[{"embeddable":true,"href":"https:\/\/stickfighting-concept.com\/de\/wp-json\/wp\/v2\/comments?post=98"}],"version-history":[{"count":5,"href":"https:\/\/stickfighting-concept.com\/de\/wp-json\/wp\/v2\/pages\/98\/revisions"}],"predecessor-version":[{"id":240,"href":"https:\/\/stickfighting-concept.com\/de\/wp-json\/wp\/v2\/pages\/98\/revisions\/240"}],"wp:attachment":[{"href":"https:\/\/stickfighting-concept.com\/de\/wp-json\/wp\/v2\/media?parent=98"}],"curies":[{"name":"wp","href":"https:\/\/api.w.org\/{rel}","templated":true}]}}